{"id":1589,"date":"2024-02-01T18:53:37","date_gmt":"2024-02-01T18:53:37","guid":{"rendered":"http:\/\/praxis-am-telegrafenberg.de\/?page_id=1589"},"modified":"2024-02-24T11:26:26","modified_gmt":"2024-02-24T11:26:26","slug":"impressum","status":"publish","type":"page","link":"https:\/\/praxis-am-telegrafenberg.de\/en\/impressum\/","title":{"rendered":"Imprint"},"content":{"rendered":"<div class=\"wpb-content-wrapper\"><div class=\"vc_row wpb_row vc_row-fluid vc_custom_1707045153054\"><div class=\"wpb_column vc_column_container vc_col-sm-12\"><div class=\"vc_column-inner\"><div class=\"wpb_wrapper\">\n\t<div class=\"wpb_text_column wpb_content_element\" >\n\t\t<div class=\"wpb_wrapper\">\n\t\t\t<h1>Imprint<\/h1>\n<h3>Angaben gem\u00e4\u00df \u00a7 5 TMG<\/h3>\n<p>Marion Schmitz<br \/>\nPraxis am Telegrafenberg<br \/>\nHeinrich-Mann-Allee 13<br \/>\n14473 Potsdam<\/p>\n<h3>Contact<\/h3>\n<p>Telefon: 0331-2803229<br \/>\nE-Mail: info@praxis-am-telegrafenberg.de<\/p>\n<h3>Aufsichtsbeh\u00f6rde<\/h3>\n<p>Kassen\u00e4rztliche Vereinigung Brandenburg<br \/>\nPappelallee 5, 14469 Potsdam<br \/>\nhttp:\/\/kvbb.de<\/p>\n<h3>Berufsbezeichnung und berufsrechtliche Regelungen<\/h3>\n<h3>Berufsbezeichnung:<\/h3>\n<p>Fach\u00e4rztin f\u00fcr Innere Medizin, Notfallmedizin und Palliativmedizin, Haus\u00e4rztin<\/p>\n<h3>Zust\u00e4ndige Kammer:<\/h3>\n<p>\u00c4rztekammer Brandenburg<br \/>\nPappelallee 5, 14469 Potsdam<br \/>\nVerliehen in:<br \/>\nDeutschland<\/p>\n<h3>Angaben zur Berufshaftpflichtversicherung<\/h3>\n<p><strong>Name und Sitz des Versicherers:<\/strong><br \/>\nDeutsche \u00c4rzteversicherung AG, 51171 K\u00f6ln<\/p>\n<p><strong>Geltungsraum der Versicherung:<\/strong><br \/>\nDeutschland<br \/>\n<strong>Verbraucherstreitbeilegung\/Universalschlichtungsstelle<\/strong><br \/>\nWir sind nicht bereit oder verpflichtet, an Streitbeilegungsverfahren vor einer<br \/>\nVerbraucherschlichtungsstelle teilzunehmen.<\/p>\n<p>Quelle:<br \/>\n<a href=\"https:\/\/www.e-recht24.de\" target=\"new\" rel=\"noopener\">www.e-recht24.de<\/a><\/strong><\/strong><\/p>\n\n\t\t<\/div>\n\t<\/div>\n<\/div><\/div><\/div><\/div>\n<\/div>","protected":false},"excerpt":{"rendered":"<p>Impressum Angaben gem\u00e4\u00df \u00a7 5 TMG Marion Schmitz Praxis am Telegrafenberg Heinrich-Mann-Allee 13 14473 Potsdam Kontakt Telefon: 0331-2803229 E-Mail: info@praxis-am-telegrafenberg.de Aufsichtsbeh\u00f6rde Kassen\u00e4rztliche Vereinigung Brandenburg Pappelallee 5, 14469 Potsdam http:\/\/kvbb.de Berufsbezeichnung und berufsrechtliche Regelungen Berufsbezeichnung: Fach\u00e4rztin f\u00fcr Innere Medizin, Notfallmedizin und Palliativmedizin, Haus\u00e4rztin Zust\u00e4ndige Kammer: \u00c4rztekammer Brandenburg Pappelallee 5, 14469 Potsdam Verliehen in: Deutschland Angaben zur&hellip;<\/p>","protected":false},"author":1,"featured_media":0,"parent":0,"menu_order":0,"comment_status":"closed","ping_status":"closed","template":"","meta":{"footnotes":""},"_links":{"self":[{"href":"https:\/\/praxis-am-telegrafenberg.de\/en\/wp-json\/wp\/v2\/pages\/1589"}],"collection":[{"href":"https:\/\/praxis-am-telegrafenberg.de\/en\/wp-json\/wp\/v2\/pages"}],"about":[{"href":"https:\/\/praxis-am-telegrafenberg.de\/en\/wp-json\/wp\/v2\/types\/page"}],"author":[{"embeddable":true,"href":"https:\/\/praxis-am-telegrafenberg.de\/en\/wp-json\/wp\/v2\/users\/1"}],"replies":[{"embeddable":true,"href":"https:\/\/praxis-am-telegrafenberg.de\/en\/wp-json\/wp\/v2\/comments?post=1589"}],"version-history":[{"count":10,"href":"https:\/\/praxis-am-telegrafenberg.de\/en\/wp-json\/wp\/v2\/pages\/1589\/revisions"}],"predecessor-version":[{"id":1746,"href":"https:\/\/praxis-am-telegrafenberg.de\/en\/wp-json\/wp\/v2\/pages\/1589\/revisions\/1746"}],"wp:attachment":[{"href":"https:\/\/praxis-am-telegrafenberg.de\/en\/wp-json\/wp\/v2\/media?parent=1589"}],"curies":[{"name":"wp","href":"https:\/\/api.w.org\/{rel}","templated":true}]}}