{"id":1610,"date":"2024-02-02T10:36:23","date_gmt":"2024-02-02T10:36:23","guid":{"rendered":"http:\/\/praxis-am-telegrafenberg.de\/?page_id=1610"},"modified":"2026-03-11T10:09:03","modified_gmt":"2026-03-11T10:09:03","slug":"team","status":"publish","type":"page","link":"https:\/\/praxis-am-telegrafenberg.de\/en\/team\/","title":{"rendered":"Team"},"content":{"rendered":"<div class=\"wpb-content-wrapper\"><div class=\"vc_row wpb_row vc_row-fluid vc_custom_1706968340651\"><div class=\"wpb_column vc_column_container vc_col-sm-12\"><div class=\"vc_column-inner\"><div class=\"wpb_wrapper\">\n\t<div class=\"wpb_text_column wpb_content_element  vc_custom_1708019185892\" >\n\t\t<div class=\"wpb_wrapper\">\n\t\t\t<h1>Team<\/h1>\n\n\t\t<\/div>\n\t<\/div>\n<div class=\"vc_row wpb_row vc_inner vc_row-fluid vc_custom_1708019201136\"><div class=\"wpb_column vc_column_container vc_col-sm-4\"><div class=\"vc_column-inner\"><div class=\"wpb_wrapper\">\n\t<div  class=\"wpb_single_image wpb_content_element vc_align_center\">\n\t\t\n\t\t<figure class=\"wpb_wrapper vc_figure\">\n\t\t\t<div class=\"vc_single_image-wrapper   vc_box_border_grey\"><img loading=\"lazy\" decoding=\"async\" width=\"217\" height=\"300\" src=\"https:\/\/praxis-am-telegrafenberg.de\/wp-content\/uploads\/2024\/03\/079_-217x300.webp\" class=\"vc_single_image-img attachment-medium\" alt=\"Dr. med. Marion Schmitz\" title=\"Dr. med. Marion Schmitz\" srcset=\"https:\/\/praxis-am-telegrafenberg.de\/wp-content\/uploads\/2024\/03\/079_-217x300.webp 217w, https:\/\/praxis-am-telegrafenberg.de\/wp-content\/uploads\/2024\/03\/079_-740x1024.webp 740w, https:\/\/praxis-am-telegrafenberg.de\/wp-content\/uploads\/2024\/03\/079_-768x1063.webp 768w, https:\/\/praxis-am-telegrafenberg.de\/wp-content\/uploads\/2024\/03\/079_-1109x1536.webp 1109w, https:\/\/praxis-am-telegrafenberg.de\/wp-content\/uploads\/2024\/03\/079_-1479x2048.webp 1479w, https:\/\/praxis-am-telegrafenberg.de\/wp-content\/uploads\/2024\/03\/079_-9x12.webp 9w, https:\/\/praxis-am-telegrafenberg.de\/wp-content\/uploads\/2024\/03\/079_-scaled.webp 1849w\" sizes=\"(max-width: 217px) 100vw, 217px\"  data-dt-location=\"https:\/\/praxis-am-telegrafenberg.de\/en\/team\/attachment\/079_\/\" \/><\/div>\n\t\t<\/figure>\n\t<\/div>\n\n\t<div class=\"wpb_text_column wpb_content_element  vc_custom_1711192353188\" >\n\t\t<div class=\"wpb_wrapper\">\n\t\t\t<h3 style=\"text-align: center;\">Dr. med. Marion Schmitz<\/h3>\n<p style=\"text-align: center;\">Specialist in internal medicine, emergency medicine, and palliative care<\/p>\n\n\t\t<\/div>\n\t<\/div>\n<\/div><\/div><\/div><div class=\"wpb_column vc_column_container vc_col-sm-4\"><div class=\"vc_column-inner\"><div class=\"wpb_wrapper\">\n\t<div  class=\"wpb_single_image wpb_content_element vc_align_center\">\n\t\t\n\t\t<figure class=\"wpb_wrapper vc_figure\">\n\t\t\t<div class=\"vc_single_image-wrapper   vc_box_border_grey\"><img loading=\"lazy\" decoding=\"async\" width=\"217\" height=\"300\" src=\"https:\/\/praxis-am-telegrafenberg.de\/wp-content\/uploads\/2026\/03\/Theda_Maria-217x300.webp\" class=\"vc_single_image-img attachment-medium\" alt=\"Dr. Theda Maria Reuter\" title=\"Theda_Maria\" srcset=\"https:\/\/praxis-am-telegrafenberg.de\/wp-content\/uploads\/2026\/03\/Theda_Maria-217x300.webp 217w, https:\/\/praxis-am-telegrafenberg.de\/wp-content\/uploads\/2026\/03\/Theda_Maria-740x1024.webp 740w, https:\/\/praxis-am-telegrafenberg.de\/wp-content\/uploads\/2026\/03\/Theda_Maria-768x1063.webp 768w, https:\/\/praxis-am-telegrafenberg.de\/wp-content\/uploads\/2026\/03\/Theda_Maria-1109x1536.webp 1109w, https:\/\/praxis-am-telegrafenberg.de\/wp-content\/uploads\/2026\/03\/Theda_Maria-1479x2048.webp 1479w, https:\/\/praxis-am-telegrafenberg.de\/wp-content\/uploads\/2026\/03\/Theda_Maria-9x12.webp 9w, https:\/\/praxis-am-telegrafenberg.de\/wp-content\/uploads\/2026\/03\/Theda_Maria.webp 1849w\" sizes=\"(max-width: 217px) 100vw, 217px\"  data-dt-location=\"https:\/\/praxis-am-telegrafenberg.de\/en\/team\/attachment\/theda_maria\/\" \/><\/div>\n\t\t<\/figure>\n\t<\/div>\n\n\t<div class=\"wpb_text_column wpb_content_element  vc_custom_1773223623957\" >\n\t\t<div class=\"wpb_wrapper\">\n\t\t\t<h3 style=\"text-align: center;\">Dr. med. Theda Maria Reuter<\/h3>\n<p style=\"text-align: center;\">Specialist in general medicine<\/p>\n\n\t\t<\/div>\n\t<\/div>\n<\/div><\/div><\/div><div class=\"wpb_column vc_column_container vc_col-sm-4\"><div class=\"vc_column-inner\"><div class=\"wpb_wrapper\">\n\t<div  class=\"wpb_single_image wpb_content_element vc_align_center\">\n\t\t\n\t\t<figure class=\"wpb_wrapper vc_figure\">\n\t\t\t<div class=\"vc_single_image-wrapper   vc_box_border_grey\"><img loading=\"lazy\" decoding=\"async\" width=\"217\" height=\"300\" src=\"https:\/\/praxis-am-telegrafenberg.de\/wp-content\/uploads\/2024\/03\/036_-217x300.webp\" class=\"vc_single_image-img attachment-medium\" alt=\"Dr. Beate-Susanne Sprenger\" title=\"Dr. Beate-Susanne Sprenger\" srcset=\"https:\/\/praxis-am-telegrafenberg.de\/wp-content\/uploads\/2024\/03\/036_-217x300.webp 217w, https:\/\/praxis-am-telegrafenberg.de\/wp-content\/uploads\/2024\/03\/036_-9x12.webp 9w, https:\/\/praxis-am-telegrafenberg.de\/wp-content\/uploads\/2024\/03\/036_.webp 614w\" sizes=\"(max-width: 217px) 100vw, 217px\"  data-dt-location=\"https:\/\/praxis-am-telegrafenberg.de\/en\/team\/attachment\/036_\/\" \/><\/div>\n\t\t<\/figure>\n\t<\/div>\n\n\t<div class=\"wpb_text_column wpb_content_element\" >\n\t\t<div class=\"wpb_wrapper\">\n\t\t\t<h3 style=\"text-align: center;\">Dr. Beate-Susanne Sprenger<\/h3>\n<p style=\"text-align: center;\">Specialist in general medicine and psychotherapy<\/p>\n\n\t\t<\/div>\n\t<\/div>\n<\/div><\/div><\/div><\/div><div class=\"vc_row wpb_row vc_inner vc_row-fluid vc_custom_1711191479204\"><div class=\"wpb_column vc_column_container vc_col-sm-4\"><div class=\"vc_column-inner\"><div class=\"wpb_wrapper\">\n\t<div  class=\"wpb_single_image wpb_content_element vc_align_center\">\n\t\t\n\t\t<figure class=\"wpb_wrapper vc_figure\">\n\t\t\t<div class=\"vc_single_image-wrapper   vc_box_border_grey\"><img loading=\"lazy\" decoding=\"async\" width=\"217\" height=\"300\" src=\"https:\/\/praxis-am-telegrafenberg.de\/wp-content\/uploads\/2024\/03\/071_-217x300.webp\" class=\"vc_single_image-img attachment-medium\" alt=\"Franziska Tauscher\" title=\"Franziska Tauscher\" srcset=\"https:\/\/praxis-am-telegrafenberg.de\/wp-content\/uploads\/2024\/03\/071_-217x300.webp 217w, https:\/\/praxis-am-telegrafenberg.de\/wp-content\/uploads\/2024\/03\/071_-740x1024.webp 740w, https:\/\/praxis-am-telegrafenberg.de\/wp-content\/uploads\/2024\/03\/071_-768x1063.webp 768w, https:\/\/praxis-am-telegrafenberg.de\/wp-content\/uploads\/2024\/03\/071_-1109x1536.webp 1109w, https:\/\/praxis-am-telegrafenberg.de\/wp-content\/uploads\/2024\/03\/071_-1479x2048.webp 1479w, https:\/\/praxis-am-telegrafenberg.de\/wp-content\/uploads\/2024\/03\/071_-9x12.webp 9w, https:\/\/praxis-am-telegrafenberg.de\/wp-content\/uploads\/2024\/03\/071_-scaled.webp 1849w\" sizes=\"(max-width: 217px) 100vw, 217px\"  data-dt-location=\"https:\/\/praxis-am-telegrafenberg.de\/en\/team\/attachment\/071_\/\" \/><\/div>\n\t\t<\/figure>\n\t<\/div>\n\n\t<div class=\"wpb_text_column wpb_content_element\" >\n\t\t<div class=\"wpb_wrapper\">\n\t\t\t<h3 style=\"text-align: center;\">Franziska Tauscher<\/h3>\n<p style=\"text-align: center;\">Healthcare professional<\/p>\n\n\t\t<\/div>\n\t<\/div>\n<\/div><\/div><\/div><div class=\"wpb_column vc_column_container vc_col-sm-4\"><div class=\"vc_column-inner\"><div class=\"wpb_wrapper\">\n\t<div  class=\"wpb_single_image wpb_content_element vc_align_center\">\n\t\t\n\t\t<figure class=\"wpb_wrapper vc_figure\">\n\t\t\t<div class=\"vc_single_image-wrapper   vc_box_border_grey\"><img loading=\"lazy\" decoding=\"async\" width=\"217\" height=\"300\" src=\"https:\/\/praxis-am-telegrafenberg.de\/wp-content\/uploads\/2024\/03\/050_-217x300.webp\" class=\"vc_single_image-img attachment-medium\" alt=\"Doris Ott\" title=\"Doris Ott\" srcset=\"https:\/\/praxis-am-telegrafenberg.de\/wp-content\/uploads\/2024\/03\/050_-217x300.webp 217w, https:\/\/praxis-am-telegrafenberg.de\/wp-content\/uploads\/2024\/03\/050_-740x1024.webp 740w, https:\/\/praxis-am-telegrafenberg.de\/wp-content\/uploads\/2024\/03\/050_-768x1063.webp 768w, https:\/\/praxis-am-telegrafenberg.de\/wp-content\/uploads\/2024\/03\/050_-1109x1536.webp 1109w, https:\/\/praxis-am-telegrafenberg.de\/wp-content\/uploads\/2024\/03\/050_-1479x2048.webp 1479w, https:\/\/praxis-am-telegrafenberg.de\/wp-content\/uploads\/2024\/03\/050_-9x12.webp 9w, https:\/\/praxis-am-telegrafenberg.de\/wp-content\/uploads\/2024\/03\/050_-scaled.webp 1849w\" sizes=\"(max-width: 217px) 100vw, 217px\"  data-dt-location=\"https:\/\/praxis-am-telegrafenberg.de\/en\/team\/attachment\/050_\/\" \/><\/div>\n\t\t<\/figure>\n\t<\/div>\n\n\t<div class=\"wpb_text_column wpb_content_element  vc_custom_1711192380619\" >\n\t\t<div class=\"wpb_wrapper\">\n\t\t\t<h3 style=\"text-align: center;\">Doris Ott<\/h3>\n<p style=\"text-align: center;\">Medical assistant<\/p>\n\n\t\t<\/div>\n\t<\/div>\n<\/div><\/div><\/div><div class=\"wpb_column vc_column_container vc_col-sm-4\"><div class=\"vc_column-inner\"><div class=\"wpb_wrapper\">\n\t<div  class=\"wpb_single_image wpb_content_element vc_align_center\">\n\t\t\n\t\t<figure class=\"wpb_wrapper vc_figure\">\n\t\t\t<div class=\"vc_single_image-wrapper   vc_box_border_grey\"><img loading=\"lazy\" decoding=\"async\" width=\"214\" height=\"300\" src=\"https:\/\/praxis-am-telegrafenberg.de\/wp-content\/uploads\/2024\/01\/team-1-214x300.webp\" class=\"vc_single_image-img attachment-medium\" alt=\"\" title=\"team\" srcset=\"https:\/\/praxis-am-telegrafenberg.de\/wp-content\/uploads\/2024\/01\/team-1-214x300.webp 214w, https:\/\/praxis-am-telegrafenberg.de\/wp-content\/uploads\/2024\/01\/team-1.webp 652w\" sizes=\"(max-width: 214px) 100vw, 214px\"  data-dt-location=\"https:\/\/praxis-am-telegrafenberg.de\/en\/home\/attachment\/team-2\/\" \/><\/div>\n\t\t<\/figure>\n\t<\/div>\n\n\t<div class=\"wpb_text_column wpb_content_element  vc_custom_1773223733602\" >\n\t\t<div class=\"wpb_wrapper\">\n\t\t\t<h3 style=\"text-align: center;\">Julia Herrmann<\/h3>\n<p style=\"text-align: center;\">Registered nurse<\/p>\n\n\t\t<\/div>\n\t<\/div>\n<\/div><\/div><\/div><\/div><\/div><\/div><\/div><\/div>\n<\/div>","protected":false},"excerpt":{"rendered":"<p>Team Dr. med. Marion Schmitz Fach\u00e4rztin f\u00fcr Innere Medizin, Notfallmedizin und Palliativmedizin Dr. med. Theda Maria Reuter Fach\u00e4rztin f\u00fcr Allgemeinmedizin Dr. Beate-Susanne Sprenger Fach\u00e4rztin f\u00fcr Allgemeinmedizin und Psychotherapie Franziska Tauscher Gesundheits- und Krankenpflegerin Doris Ott MFA Julia Herrmann Krankenpflegerin<\/p>","protected":false},"author":1,"featured_media":0,"parent":0,"menu_order":0,"comment_status":"closed","ping_status":"closed","template":"","meta":{"footnotes":""},"_links":{"self":[{"href":"https:\/\/praxis-am-telegrafenberg.de\/en\/wp-json\/wp\/v2\/pages\/1610"}],"collection":[{"href":"https:\/\/praxis-am-telegrafenberg.de\/en\/wp-json\/wp\/v2\/pages"}],"about":[{"href":"https:\/\/praxis-am-telegrafenberg.de\/en\/wp-json\/wp\/v2\/types\/page"}],"author":[{"embeddable":true,"href":"https:\/\/praxis-am-telegrafenberg.de\/en\/wp-json\/wp\/v2\/users\/1"}],"replies":[{"embeddable":true,"href":"https:\/\/praxis-am-telegrafenberg.de\/en\/wp-json\/wp\/v2\/comments?post=1610"}],"version-history":[{"count":24,"href":"https:\/\/praxis-am-telegrafenberg.de\/en\/wp-json\/wp\/v2\/pages\/1610\/revisions"}],"predecessor-version":[{"id":1861,"href":"https:\/\/praxis-am-telegrafenberg.de\/en\/wp-json\/wp\/v2\/pages\/1610\/revisions\/1861"}],"wp:attachment":[{"href":"https:\/\/praxis-am-telegrafenberg.de\/en\/wp-json\/wp\/v2\/media?parent=1610"}],"curies":[{"name":"wp","href":"https:\/\/api.w.org\/{rel}","templated":true}]}}