{"id":1614,"date":"2024-02-02T10:44:45","date_gmt":"2024-02-02T10:44:45","guid":{"rendered":"http:\/\/praxis-am-telegrafenberg.de\/?page_id=1614"},"modified":"2024-02-15T20:08:16","modified_gmt":"2024-02-15T20:08:16","slug":"kontakt","status":"publish","type":"page","link":"https:\/\/praxis-am-telegrafenberg.de\/en\/kontakt\/","title":{"rendered":"Contact"},"content":{"rendered":"<div class=\"wpb-content-wrapper\"><div class=\"vc_row wpb_row vc_row-fluid vc_custom_1706967039666\"><div class=\"wpb_column vc_column_container vc_col-sm-12\"><div class=\"vc_column-inner\"><div class=\"wpb_wrapper\">\n\t<div class=\"wpb_text_column wpb_content_element\" >\n\t\t<div class=\"wpb_wrapper\">\n\t\t\t<h1>Contact<\/h1>\n\n\t\t<\/div>\n\t<\/div>\n<\/div><\/div><\/div><\/div><div class=\"vc_row wpb_row vc_row-fluid vc_custom_1706967073657\"><div class=\"wpb_column vc_column_container vc_col-sm-6\"><div class=\"vc_column-inner\"><div class=\"wpb_wrapper\"><div class=\"wpb_gmaps_widget wpb_content_element\"><div class=\"wpb_wrapper\"><div class=\"wpb_map_wraper\"><iframe src=\"https:\/\/www.google.com\/maps\/embed?pb=!1m18!1m12!1m3!1d2435.021505052959!2d13.065379077680266!3d52.38816047202691!2m3!1f0!2f0!3f0!3m2!1i1024!2i768!4f13.1!3m3!1m2!1s0x47a8f5eafb23cf01%3A0x1e0c576886e3b9d7!2sHeinrich-Mann-Allee%2013%2C%2014473%20Potsdam!5e0!3m2!1sde!2sde!4v1706811524256!5m2!1sde!2sde\" width=\"600\" height=\"450\" style=\"border:0;\" allowfullscreen=\"\" loading=\"lazy\" referrerpolicy=\"no-referrer-when-downgrade\"><\/iframe><\/div><\/div><\/div><\/div><\/div><\/div><div class=\"margin-mobile wpb_column vc_column_container vc_col-sm-6\"><div class=\"vc_column-inner\"><div class=\"wpb_wrapper\">\n\t<div class=\"wpb_text_column wpb_content_element\" >\n\t\t<div class=\"wpb_wrapper\">\n\t\t\t<h3>Praxis am Telegrafenberg<\/h3>\n<p><strong>Dr. med Marion Schmitz<\/strong><br \/>\nSpecialist for internal medicine<br \/>\nEmergency medicine<br \/>\nPalliative medicine<\/p>\n<p><strong>Dr. Beate-Susanne Sprenger<\/strong><br \/>\nSpecialist in general medicine and psychotherapy<\/p>\n<p>Heinrich-Mann-Allee 13<br \/>\n14473 Potsdam<\/p>\n<p>0331 280 32 29<\/p>\n<p><a href=\"mailto:info@praxis-am-telegrafenberg.de\">info[at]praxis-am-telegrafenberg.de<\/a><\/p>\n\n\t\t<\/div>\n\t<\/div>\n<\/div><\/div><\/div><\/div>\n<\/div>","protected":false},"excerpt":{"rendered":"<p>Kontakt Praxis am Telegrafenberg Dr. med Marion Schmitz Fach\u00e4rztin f\u00fcr Innere Medizin Notfallmedizin Palliativmedizin Dr. Beate-Susanne Sprenger Fach\u00e4rztin f\u00fcr Allgemeinmedizin und Psychotherapie Heinrich-Mann-Allee 13 14473 Potsdam 0331 280 32 29 info[at]praxis-am-telegrafenberg.de<\/p>","protected":false},"author":1,"featured_media":0,"parent":0,"menu_order":0,"comment_status":"closed","ping_status":"closed","template":"","meta":{"footnotes":""},"_links":{"self":[{"href":"https:\/\/praxis-am-telegrafenberg.de\/en\/wp-json\/wp\/v2\/pages\/1614"}],"collection":[{"href":"https:\/\/praxis-am-telegrafenberg.de\/en\/wp-json\/wp\/v2\/pages"}],"about":[{"href":"https:\/\/praxis-am-telegrafenberg.de\/en\/wp-json\/wp\/v2\/types\/page"}],"author":[{"embeddable":true,"href":"https:\/\/praxis-am-telegrafenberg.de\/en\/wp-json\/wp\/v2\/users\/1"}],"replies":[{"embeddable":true,"href":"https:\/\/praxis-am-telegrafenberg.de\/en\/wp-json\/wp\/v2\/comments?post=1614"}],"version-history":[{"count":9,"href":"https:\/\/praxis-am-telegrafenberg.de\/en\/wp-json\/wp\/v2\/pages\/1614\/revisions"}],"predecessor-version":[{"id":1732,"href":"https:\/\/praxis-am-telegrafenberg.de\/en\/wp-json\/wp\/v2\/pages\/1614\/revisions\/1732"}],"wp:attachment":[{"href":"https:\/\/praxis-am-telegrafenberg.de\/en\/wp-json\/wp\/v2\/media?parent=1614"}],"curies":[{"name":"wp","href":"https:\/\/api.w.org\/{rel}","templated":true}]}}