{"id":1641,"date":"2024-02-03T12:15:22","date_gmt":"2024-02-03T12:15:22","guid":{"rendered":"http:\/\/praxis-am-telegrafenberg.de\/?page_id=1641"},"modified":"2024-02-04T11:16:00","modified_gmt":"2024-02-04T11:16:00","slug":"impfungen","status":"publish","type":"page","link":"https:\/\/praxis-am-telegrafenberg.de\/en\/impfungen\/","title":{"rendered":"Vaccinations"},"content":{"rendered":"<div class=\"wpb-content-wrapper\"><div class=\"vc_row wpb_row vc_row-fluid vc_custom_1706965544800\"><div class=\"wpb_column vc_column_container vc_col-sm-12\"><div class=\"vc_column-inner\"><div class=\"wpb_wrapper\">\n\t<div class=\"wpb_text_column wpb_content_element\" >\n\t\t<div class=\"wpb_wrapper\">\n\t\t\t<h1>Vaccinations<\/h1>\n<p>Immunisation plays a crucial role in protecting against many serious diseases. Through immunisation, we have made significant progress in containing infectious diseases, leading to improved public health and quality of life. The effectiveness of immunisation has been proven in many cases and it is part of the global effort to control disease outbreaks and save lives.<\/p>\n\n\t\t<\/div>\n\t<\/div>\n<\/div><\/div><\/div><\/div><div class=\"vc_row wpb_row vc_row-fluid vc_custom_1706965644857\"><div class=\"wpb_column vc_column_container vc_col-sm-6\"><div class=\"vc_column-inner\"><div class=\"wpb_wrapper\">\n\t<div class=\"wpb_text_column wpb_content_element\" >\n\t\t<div class=\"wpb_wrapper\">\n\t\t\t<h3>Covid-19-Impfung<\/h3>\n<p>Wichtige allgemeine Infos zur Covid-19-Impfung finden Sie unter:<br \/>\n<a href=\"https:\/\/www.bundesgesundheitsministerium.de\/coronavirus\/faq-covid-19-impfung.html?fbclid=IwAR02tcVxmd2VqR5THkRlEO_79npEwO3JZaZJisopga_5NDWrg6BhgTdouho\" target=\"_blank\" rel=\"noopener\">Infos zur Covid-19-Impfung des Bundesgesundheitsministerium<\/a><\/p>\n<p>Aufkl\u00e4rungsblatt zur Schutzimpfung gegen Covid-19 mit mRNA-Impfstoff:<br \/>\n<a href=\"https:\/\/www.rki.de\/DE\/Content\/Infekt\/Impfen\/Materialien\/Downloads-COVID-19\/Aufklaerungsbogen-de.pdf?__blob=publicationFile\" target=\"_blank\" rel=\"noopener\">Aufkl\u00e4rungsblatt mRNA Impfungen (Comirnaty\/Biontec-Fizer oder Spikevax\/Moderna)<\/a><\/p>\n<p>Anamnese- und Einwilligungserkl\u00e4rung zur Schutzimpfung gegen Covid-19 mit mRNA-Impfstoff<br \/>\n<a href=\"https:\/\/www.rki.de\/DE\/Content\/Infekt\/Impfen\/Materialien\/Downloads-COVID-19\/Einwilligung-de.pdf?__blob=publicationFile\" target=\"_blank\" rel=\"noopener\">Anamnese- und Einwilligungserkl\u00e4rung mRNA Impfungen (Comirnaty\/Biontec-Fizer oder Spikevax\/Moderna)<\/a><\/p>\n\n\t\t<\/div>\n\t<\/div>\n<\/div><\/div><\/div><div class=\"wpb_column vc_column_container vc_col-sm-6\"><div class=\"vc_column-inner\"><div class=\"wpb_wrapper\">\n\t<div class=\"wpb_text_column wpb_content_element\" >\n\t\t<div class=\"wpb_wrapper\">\n\t\t\t<h3>Informationen vom RKI und Bundesgesundheitsministerium zu weiteren Impfungen<\/h3>\n<p>Wichtige Infos zur Grippeschutzimpfung finden Sie unter:<br \/>\n<a href=\"https:\/\/www.rki.de\/DE\/Content\/Infekt\/Impfen\/Materialien\/Faktenblaetter\/Influenza.pdf?__blob=publicationFile\" target=\"_blank\" rel=\"noopener\">Infos zur Grippeimpfung<\/a><\/p>\n<p>Informationen zur Masernimpfung:<br \/>\n<a href=\"https:\/\/www.rki.de\/DE\/Content\/Infekt\/Impfen\/Materialien\/Faktenblaetter\/Masern.pdf?__blob=publicationFile\">Infos zur Masernimpfung<\/a><\/p>\n<p>Informationen zur Impfung gegen G\u00fcrtelrose (Herpes Zoster)<br \/>\n<a href=\"https:\/\/www.rki.de\/DE\/Content\/Infekt\/Impfen\/Materialien\/Faktenblaetter\/Zoster.pdf?__blob=publicationFile\" target=\"_blank\" rel=\"noopener\">Infos zur Impfung gegen G\u00fcrtelrose<\/a><\/p>\n<p><a href=\"https:\/\/www.rki.de\/DE\/Content\/Infekt\/Impfen\/Materialien\/Faktenblaetter\/Kontraindikationen.pdf?__blob=publicationFile\" target=\"_blank\" rel=\"noopener noreferrer\">Informationen zu Impfungen allgemein.<\/a><\/p>\n<p><a href=\"https:\/\/www.rki.de\/DE\/Content\/Infekt\/Impfen\/Materialien\/Faktenblaetter\/Schwangerschaft.pdf?__blob=publicationFile\" target=\"_blank\" rel=\"noopener noreferrer\">Informationen zu Impfungen in der Schwangerschaft \u2013 Schwerpunkt Keuchhusten<\/a><\/p>\n<p><a href=\"https:\/\/www.rki.de\/DE\/Content\/Infekt\/Impfen\/Materialien\/Faktenblaetter\/HPV.pdf?__blob=publicationFile\" target=\"_blank\" rel=\"noopener noreferrer\">Informationen zur Impfung gegen HPV (Humane Papillomaviren)<\/a><\/p>\n<p><a href=\"https:\/\/www.rki.de\/DE\/Content\/Infekt\/Impfen\/Materialien\/Faktenblaetter\/COVID-19.pdf?__blob=publicationFile\" target=\"_blank\" rel=\"noopener noreferrer\">Informationen zur Impfung gegen Covid-19<\/a><\/p>\n<p><a href=\"https:\/\/www.rki.de\/DE\/Content\/Infekt\/Impfen\/Materialien\/Faktenblaetter\/FSME.pdf?__blob=publicationFile\" target=\"_blank\" rel=\"noopener noreferrer\">Informationen zur Impfung gegen FSME<\/a><\/p>\n\n\t\t<\/div>\n\t<\/div>\n<\/div><\/div><\/div><\/div>\n<\/div>","protected":false},"excerpt":{"rendered":"<p>Impfungen Impfungen spielen eine entscheidende Rolle im Schutz vor zahlreichen schweren Krankheiten. Durch Impfungen haben wir erhebliche Fortschritte bei der Eind\u00e4mmung von Infektionserkrankungen erzielt, was zu einer verbesserten \u00f6ffentlichen Gesundhet und Lebensqualit\u00e4t f\u00fchrt. Die Wirksamkeit von Impfungen hat sich in vielen F\u00e4llen bewiesen, und sie sind Bestandteil der globalen Bem\u00fchungen, Krankheitsausbr\u00fcche zu kontrollieren und Leben&hellip;<\/p>","protected":false},"author":1,"featured_media":0,"parent":0,"menu_order":0,"comment_status":"closed","ping_status":"closed","template":"","meta":{"footnotes":""},"_links":{"self":[{"href":"https:\/\/praxis-am-telegrafenberg.de\/en\/wp-json\/wp\/v2\/pages\/1641"}],"collection":[{"href":"https:\/\/praxis-am-telegrafenberg.de\/en\/wp-json\/wp\/v2\/pages"}],"about":[{"href":"https:\/\/praxis-am-telegrafenberg.de\/en\/wp-json\/wp\/v2\/types\/page"}],"author":[{"embeddable":true,"href":"https:\/\/praxis-am-telegrafenberg.de\/en\/wp-json\/wp\/v2\/users\/1"}],"replies":[{"embeddable":true,"href":"https:\/\/praxis-am-telegrafenberg.de\/en\/wp-json\/wp\/v2\/comments?post=1641"}],"version-history":[{"count":9,"href":"https:\/\/praxis-am-telegrafenberg.de\/en\/wp-json\/wp\/v2\/pages\/1641\/revisions"}],"predecessor-version":[{"id":1684,"href":"https:\/\/praxis-am-telegrafenberg.de\/en\/wp-json\/wp\/v2\/pages\/1641\/revisions\/1684"}],"wp:attachment":[{"href":"https:\/\/praxis-am-telegrafenberg.de\/en\/wp-json\/wp\/v2\/media?parent=1641"}],"curies":[{"name":"wp","href":"https:\/\/api.w.org\/{rel}","templated":true}]}}