{"id":699,"date":"2016-04-26T08:58:38","date_gmt":"2016-04-26T07:58:38","guid":{"rendered":"https:\/\/the7.io\/medical\/?page_id=2"},"modified":"2026-03-11T09:35:29","modified_gmt":"2026-03-11T09:35:29","slug":"home","status":"publish","type":"page","link":"https:\/\/praxis-am-telegrafenberg.de\/en\/","title":{"rendered":"Home"},"content":{"rendered":"<div class=\"wpb-content-wrapper\"><div class=\"vc_row wpb_row vc_row-fluid vc_custom_1706544480051 vc_row-has-fill vc_column-gap-30 vc_row-o-equal-height vc_row-o-content-top vc_row-flex\"><div class=\"wpb_column vc_column_container vc_col-sm-8\"><div class=\"vc_column-inner\"><div class=\"wpb_wrapper\">\n\t<div class=\"wpb_text_column wpb_content_element\" >\n\t\t<div class=\"wpb_wrapper\">\n\t\t\t<div><\/div>\n<div><strong><span style=\"color: #000000;\">We provide you with holistic, trusting and appreciative support.\u00a0<\/span><\/strong><\/div>\n<div><span style=\"color: #000000;\">\u00a0<\/span><\/div>\n<div><span style=\"color: #000000;\">Our dedicated team offers you high-quality treatment using the latest diagnostic and therapeutic methods thanks to many years of professional experience, in-depth expertise and regular further training. <\/span><\/div>\n<div><span style=\"color: #000000;\">We believe that there is no substitute for good interpersonal contact, empathetic dialogue, careful listening and the interpretation of symptoms with medical experience.\u00a0<\/span><\/div>\n<div><div class=\"gap\" style=\"line-height: 10px; height: 10px;\"><\/div><\/div>\n<div>We are delighted that Dr. Theda Reuter, specialist in general medicine, will be joining our team on February 1, 2026.<\/div>\n<div>This allows us to improve our opening hours and now also offer emergency consultations on Thursdays from 8:30 a.m.<\/div>\n<div><div class=\"gap\" style=\"line-height: 10px; height: 10px;\"><\/div><\/div>\n<div><\/div>\n<div><span style=\"color: #000000;\">We look forward to your visit.\u00a0<\/span><\/div>\n<p>&nbsp;<\/p>\n<p>Your Dr Marion Schmitz<\/p>\n\n\t\t<\/div>\n\t<\/div>\n<\/div><\/div><\/div><div class=\"wpb_column vc_column_container vc_col-sm-4 vc_col-lg-offset-0 vc_col-lg-4 vc_col-md-offset-0 vc_col-md-4 vc_col-sm-offset-2 vc_col-has-fill\"><div class=\"vc_column-inner vc_custom_1711192473767\"><div class=\"wpb_wrapper\"><div class=\"ult-just-icon-wrapper   vc_custom_1706807842276\"><div class=\"align-icon\" style=\"text-align:center;\">\n<div class=\"aio-icon-img\" style=\"font-size:80px;display:inline-block;\" >\n\t<img decoding=\"async\" class=\"img-icon\" alt=\"Info\" src=\"https:\/\/praxis-am-telegrafenberg.de\/wp-content\/uploads\/2024\/01\/info_white.png\"\/>\n<\/div><\/div><\/div><section class=\"vc_cta3-container\"><div class=\"vc_general vc_cta3 infobox vc_cta3-style-flat vc_cta3-shape-rounded vc_cta3-align-center vc_cta3-color-white vc_cta3-icon-size-md\"><div class=\"vc_cta3_content-container\"><div class=\"vc_cta3-content\"><header class=\"vc_cta3-content-header\"><\/header><p>Liebe Patient\/innen,<\/p>\n<p>Please send your recipe requests to: <a href=\"mailto:rezepte@praxis-am-telegrafenberg.de\">rezepte[at]praxis-am-telegrafenberg.de<\/a><\/p>\n<p>Patients with symptoms of infection should protect others by wearing a mask.<\/p>\n<p>PLEASE NOTE OUR NEW OPENING HOURS! We now offer daily walk-in consultations (no appointment necessary) from 8:30 a.m. to 10:00 a.m.!<\/p>\n<p>Thank you very much!<\/p>\n<\/div><\/div><\/div><\/section><\/div><\/div><\/div><\/div><!-- Row Backgrounds --><div class=\"upb_color\" data-bg-override=\"ex-full\" data-bg-color=\"#ffffff\" data-fadeout=\"\" data-fadeout-percentage=\"30\" data-parallax-content=\"\" data-parallax-content-sense=\"30\" data-row-effect-mobile-disable=\"true\" data-img-parallax-mobile-disable=\"true\" data-rtl=\"false\"  data-custom-vc-row=\"\"  data-vc=\"7.3\"  data-is_old_vc=\"\"  data-theme-support=\"\"   data-overlay=\"false\" data-overlay-color=\"\" data-overlay-pattern=\"\" data-overlay-pattern-opacity=\"\" data-overlay-pattern-size=\"\"    ><\/div><div id=\"team\" class=\"vc_row wpb_row vc_row-fluid vc_custom_1706966394976\"><div class=\"wpb_column vc_column_container vc_col-sm-3\"><div class=\"vc_column-inner\"><div class=\"wpb_wrapper\">\n\t<div  class=\"wpb_single_image wpb_content_element vc_align_left\">\n\t\t\n\t\t<figure class=\"wpb_wrapper vc_figure\">\n\t\t\t<div class=\"vc_single_image-wrapper   vc_box_border_grey\"><img loading=\"lazy\" decoding=\"async\" width=\"1849\" height=\"2560\" src=\"https:\/\/praxis-am-telegrafenberg.de\/wp-content\/uploads\/2024\/03\/079_-scaled.webp\" class=\"vc_single_image-img attachment-full\" alt=\"Dr. med. Marion Schmitz\" title=\"Dr. med. Marion Schmitz\" srcset=\"https:\/\/praxis-am-telegrafenberg.de\/wp-content\/uploads\/2024\/03\/079_-scaled.webp 1849w, https:\/\/praxis-am-telegrafenberg.de\/wp-content\/uploads\/2024\/03\/079_-217x300.webp 217w, https:\/\/praxis-am-telegrafenberg.de\/wp-content\/uploads\/2024\/03\/079_-740x1024.webp 740w, https:\/\/praxis-am-telegrafenberg.de\/wp-content\/uploads\/2024\/03\/079_-768x1063.webp 768w, https:\/\/praxis-am-telegrafenberg.de\/wp-content\/uploads\/2024\/03\/079_-1109x1536.webp 1109w, https:\/\/praxis-am-telegrafenberg.de\/wp-content\/uploads\/2024\/03\/079_-1479x2048.webp 1479w, https:\/\/praxis-am-telegrafenberg.de\/wp-content\/uploads\/2024\/03\/079_-9x12.webp 9w\" sizes=\"(max-width: 1849px) 100vw, 1849px\"  data-dt-location=\"https:\/\/praxis-am-telegrafenberg.de\/en\/team\/attachment\/079_\/\" \/><\/div>\n\t\t<\/figure>\n\t<\/div>\n<div class=\"vc_btn3-container vc_btn3-center vc_custom_1706966238586\" ><a class=\"vc_general vc_btn3 vc_btn3-size-md vc_btn3-shape-rounded vc_btn3-style-modern vc_btn3-block vc_btn3-icon-right vc_btn3-color-peacoc\" href=\"https:\/\/praxis-am-telegrafenberg.de\/en\/team\/\" title=\"Team\">Team <i class=\"vc_btn3-icon fas fa-angle-double-right\"><\/i><\/a><\/div><\/div><\/div><\/div><div class=\"wpb_column vc_column_container vc_col-sm-9\"><div class=\"vc_column-inner\"><div class=\"wpb_wrapper\"><div class=\"ult-spacer spacer-6a046f6dbb0c0\" data-id=\"6a046f6dbb0c0\" data-height=\"\" data-height-mobile=\"30\" data-height-tab=\"\" data-height-tab-portrait=\"\" data-height-mobile-landscape=\"\" style=\"clear:both;display:block;\"><\/div>\n\t<div class=\"wpb_text_column wpb_content_element\" >\n\t\t<div class=\"wpb_wrapper\">\n\t\t\t<h2>Dr. med. Marion Schmitz<\/h2>\n<p><strong>08\/2022 \u2013 10\/2023<\/strong> Fach\u00e4rztin f\u00fcr Innere Medizin und Palliativmedizin bei Dres. Franz, Potsdam<br \/>\n<strong>04\/2021 \u2013 12\/2021<\/strong> Fach\u00e4rztin f\u00fcr Innere Medizin im mydoc MVZ, Berlin<br \/>\n<strong>04\/2017 \u2013 08\/2020<\/strong> Fach\u00e4rztin f\u00fcr Innere Medizin im Ernst von Bergmann Klinikum<br \/>\nPotsdam\/interdisziplin\u00e4re Rettungsstelle<br \/>\n<strong>04\/2017<\/strong> Facharztpr\u00fcfung Innere Medizin<br \/>\n<strong>08\/2010 \u2013 04\/2017<\/strong> Assistenz\u00e4rztin im Ernst von Bergmann Klinikum Potsdam, Innere Medizin<br \/>\n<strong>01\/2009 \u2013 07\/2010<\/strong> Assistenz\u00e4rztin im Hermann-Josef-Krankenhaus Erkelenz, Innere Medizin<br \/>\n<strong>05\/2010<\/strong> Erlangung des akademischen Grades der Doktorin der Medizin unter Leitung von Univ.-Prof. Dr. med. Dr. h.c. V. Schumpelick, Chirurgische Klinik, RWTH Aachen<br \/>\n<strong>10\/2008 \u2013 12\/2008<\/strong> Auslandsaufenthalt USA, Washington D.C.<br \/>\n<strong>07\/2008 \u2013 10\/2008<\/strong> Assistenz\u00e4rztin im Hermann-Josef-Krankenhaus Erkelenz, Innere Medizin<br \/>\n<strong>06\/2008 <\/strong> Erlangung der Approbation<br \/>\n<strong>05\/2008<\/strong> Amerikanisches Examen, USMLE Step 2, M\u00fcnchen<br \/>\n<strong>01\/2008<\/strong> Amerikanisches Examen, USMLE Step 1, Amsterdam, Niederlande<br \/>\n<strong>12\/2006 &#8211; 10\/2007<\/strong> PJ im Krankenhaus Bethesda, M\u00f6nchengladbach und der Uniklinik St. Radboud, Nijmegen, NL<br \/>\n<strong>10\/2001<\/strong> Studiums der Humanmedizin an der RWTH Aachen<\/p>\n\n\t\t<\/div>\n\t<\/div>\n<\/div><\/div><\/div><\/div><div id=\"leistungen\" class=\"vc_row wpb_row vc_row-fluid vc_custom_1706966326810 vc_row-has-fill\"><div class=\"wpb_column vc_column_container vc_col-sm-9\"><div class=\"vc_column-inner\"><div class=\"wpb_wrapper\"><div id=\"ultimate-heading-29106a046f6dbba5b\" class=\"uvc-heading ult-adjust-bottom-margin ultimate-heading-29106a046f6dbba5b uvc-4925  uvc-heading-default-font-sizes\" data-hspacer=\"no_spacer\"  data-halign=\"left\" style=\"text-align:left\"><div class=\"uvc-heading-spacer no_spacer\" style=\"top\"><\/div><div class=\"uvc-main-heading ult-responsive\"  data-ultimate-target='.uvc-heading.ultimate-heading-29106a046f6dbba5b h2'  data-responsive-json-new='{\"font-size\":\"\",\"line-height\":\"\"}' ><h2 style=\"font-weight:bold;margin-top:20px;\">Services<\/h2><\/div><div class=\"uvc-sub-heading ult-responsive\"  data-ultimate-target='.uvc-heading.ultimate-heading-29106a046f6dbba5b .uvc-sub-heading '  data-responsive-json-new='{\"font-size\":\"desktop:18px;\",\"line-height\":\"desktop:30px;\"}'  style=\"font-weight:normal;color:#9a9a9a;\"><\/p>\n<p style=\"text-align: left;\">The GP practice offers a wide range of general medical and internal medicine diagnostics and therapies from a single source:<\/p>\n<p><\/div><\/div>\n\t<div class=\"wpb_accordion wpb_content_element  not-column-inherit dt-style dt-accordion-bg-on dt-accordion-h6-size\" data-collapsible=\"yes\" data-vc-disable-keydown=\"false\" data-active-tab=\"1\">\n\t\t<div class=\"wpb_wrapper wpb_accordion_wrapper ui-accordion\">\n\n\n\t<div class=\"wpb_accordion_section group\">\n\t\t<h3 class=\"wpb_accordion_header ui-accordion-header\"><a href=\"#gkv-kassenleistungen\"><span>GKV (health insurance benefits)<\/span><\/a><\/h3>\n\t\t<div class=\"wpb_accordion_content ui-accordion-content vc_clearfix\">\n\t\t\t<div class=\"vc_row wpb_row vc_inner vc_row-fluid vc_custom_1463071479632\"><div class=\"wpb_column vc_column_container vc_col-sm-12 vc_col-lg-12 vc_col-md-12 vc_col-xs-12\"><div class=\"vc_column-inner\"><div class=\"wpb_wrapper\">\n\t<div class=\"wpb_text_column wpb_content_element  vc_custom_1718808472178\" >\n\t\t<div class=\"wpb_wrapper\">\n\t\t\t<p>Sonography<\/p>\n<ul>\n<li>of the abdomen<\/li>\n<li>of the thyroid gland &amp; thyroid function diagnostics<\/li>\n<li>Aortic screening (ultrasound examination of the abdominal aorta as a preventive examination)<\/li>\n<\/ul>\n<p>Functional diagnostics<\/p>\n<ul>\n<li>ECG at rest<\/li>\n<li>Long-term blood pressure measurement<\/li>\n<li>Pulmonary function test (spirometry)<\/li>\n<li>Dementia\/memory test (Demtec\/MMST)<\/li>\n<\/ul>\n<p>Preventive medical check-ups<\/p>\n<ul>\n<li>Ifobt (colorectal cancer screening)<\/li>\n<li>Urine analysis<\/li>\n<li>Faecal diagnostics<\/li>\n<li>Health check-ups (preventive healthcare) \/ counselling<\/li>\n<li>Cancer Screening<\/li>\n<li>Skin cancer screening<\/li>\n<li>Vaccinations and vaccination counselling\/vaccination passport check<\/li>\n<\/ul>\n<p>Wound treatment<\/p>\n<ul>\n<li>Acute treatment of minor wounds<\/li>\n<li>Wound care management<\/li>\n<\/ul>\n<p>DMP Curaplan (structured treatment programmes):<\/p>\n<ul>\n<li>Diabetes mellitus<\/li>\n<li>CHD (coronary heart disease)<\/li>\n<li>COPD (chronic obstructive bronchitis)<\/li>\n<\/ul>\n<p>Other<\/p>\n<ul>\n<li>Quantitative point of care diagnostics (rapid test for heart attack, pulmonary embolism\/thrombosis and cardiac insufficiency)<\/li>\n<li>Basic psychosomatic care<\/li>\n<li>Travel counselling<\/li>\n<li>Infusion therapy<\/li>\n<li>Wheals\/infiltration therapy<\/li>\n<li>Palliative medical care for seriously ill patients<\/li>\n<li>House calls<\/li>\n<\/ul>\n\n\t\t<\/div>\n\t<\/div>\n<\/div><\/div><\/div><\/div>\n\t\t<\/div>\n\t<\/div>\n\n\t<div class=\"wpb_accordion_section group\">\n\t\t<h3 class=\"wpb_accordion_header ui-accordion-header\"><a href=\"#igel-leistungen\"><span>Individual health services (IGeL)<\/span><\/a><\/h3>\n\t\t<div class=\"wpb_accordion_content ui-accordion-content vc_clearfix\">\n\t\t\t<div class=\"vc_row wpb_row vc_inner vc_row-fluid vc_custom_1463071512494\"><div class=\"wpb_column vc_column_container vc_col-sm-12 vc_col-lg-12 vc_col-md-12 vc_col-xs-12\"><div class=\"vc_column-inner\"><div class=\"wpb_wrapper\">\n\t<div class=\"wpb_text_column wpb_content_element  vc_custom_1729352748572\" >\n\t\t<div class=\"wpb_wrapper\">\n\t\t\t<ul>\n<li>Health certificates<\/li>\n<li>Extended blood tests to assess the risk of heart attack and stroke:\n<ul>\n<li>\n<p class=\"western\"><span style=\"font-family: Arial;\"><span style=\"font-size: medium;\">hs- CRP<\/span><\/span><\/p>\n<\/li>\n<li>LPa<\/li>\n<li>Homocystein<\/li>\n<\/ul>\n<\/li>\n<li>PSA (prostate cancer screening test)<\/li>\n<li>Laboratory chemical vitamin determinations &amp; application<\/li>\n<li>Medical examination (recreational boating licence, diving licence)<\/li>\n<li>Blood typing<\/li>\n<\/ul>\n\n\t\t<\/div>\n\t<\/div>\n<\/div><\/div><\/div><\/div>\n\t\t<\/div>\n\t<\/div>\n\n\t\t<\/div>\n\t<\/div>\n<div class=\"ult-spacer spacer-6a046f6dbd978\" data-id=\"6a046f6dbd978\" data-height=\"\" data-height-mobile=\"\" data-height-tab=\"\" data-height-tab-portrait=\"\" data-height-mobile-landscape=\"50\" style=\"clear:both;display:block;\"><\/div><\/div><\/div><\/div><div class=\"wpb_column vc_column_container vc_col-sm-3 vc_col-has-fill\"><div class=\"vc_column-inner vc_custom_1706961385828\"><div class=\"wpb_wrapper\"><div class=\"ult-just-icon-wrapper   vc_custom_1706961761664\"><div class=\"align-icon\" style=\"text-align:center;\">\n<div class=\"aio-icon-img\" style=\"font-size:80px;display:inline-block;\" >\n\t<img decoding=\"async\" class=\"img-icon\" alt=\"Impfen\" src=\"https:\/\/praxis-am-telegrafenberg.de\/wp-content\/uploads\/2024\/01\/impfen_white.png\"\/>\n<\/div><\/div><\/div><section class=\"vc_cta3-container\"><div class=\"vc_general vc_cta3 infobox vc_cta3-style-flat vc_cta3-shape-rounded vc_cta3-align-left vc_cta3-color-white vc_cta3-icon-size-md\"><div class=\"vc_cta3_content-container\"><div class=\"vc_cta3-content\"><header class=\"vc_cta3-content-header\"><h2>Vaccinations<\/h2><\/header><div class=\"fusion-layout-column fusion_builder_column fusion_builder_column_1_1 fusion-builder-column-0 fusion-one-full fusion-column-first fusion-column-last 1_1\">\n<div class=\"fusion-column-wrapper\" data-bg-url=\"\">\n<p>Immunisation plays a crucial role in protecting against many serious diseases. Through immunisation, we have made significant progress in containing infectious diseases, leading to improved public health and quality of life. The effectiveness of immunisation has been proven in many cases and it is part of the global effort to control disease outbreaks and save lives.\n<\/p><\/div>\n<\/div>\n<\/div><\/div><\/div><\/section><div class=\"vc_btn3-container vc_btn3-center vc_custom_1707140938169\" ><a class=\"vc_general vc_btn3 vc_btn3-size-md vc_btn3-shape-rounded vc_btn3-style-modern vc_btn3-block vc_btn3-icon-right vc_btn3-color-peacoc\" href=\"https:\/\/praxis-am-telegrafenberg.de\/en\/impfungen\/\" title=\"\">Vaccinations <i class=\"vc_btn3-icon fas fa-angle-double-right\"><\/i><\/a><\/div><\/div><\/div><\/div><\/div><!-- Row Backgrounds --><div class=\"upb_color\" data-bg-override=\"ex-full\" data-bg-color=\"#f4f4f4\" data-fadeout=\"\" data-fadeout-percentage=\"30\" data-parallax-content=\"\" data-parallax-content-sense=\"30\" data-row-effect-mobile-disable=\"true\" data-img-parallax-mobile-disable=\"true\" data-rtl=\"false\"  data-custom-vc-row=\"\"  data-vc=\"7.3\"  data-is_old_vc=\"\"  data-theme-support=\"\"   data-overlay=\"false\" data-overlay-color=\"\" data-overlay-pattern=\"\" data-overlay-pattern-opacity=\"\" data-overlay-pattern-size=\"\"    ><\/div><div data-vc-full-width=\"true\" data-vc-full-width-init=\"false\" class=\"vc_row wpb_row vc_row-fluid vc_custom_1707137809722 vc_row-has-fill\"><div class=\"footer wpb_column vc_column_container vc_col-sm-12\"><div class=\"vc_column-inner\"><div class=\"wpb_wrapper\"><div class=\"vc_row wpb_row vc_inner vc_row-fluid\"><div class=\"wpb_column vc_column_container vc_col-sm-6\"><div class=\"vc_column-inner\"><div class=\"wpb_wrapper\"><div class=\"aio-icon-component    style_1\"><div id=\"Info-box-wrap-7948\" class=\"aio-icon-box default-icon\" style=\"\"  ><div class=\"aio-icon-description ult-responsive\"  data-ultimate-target='#Info-box-wrap-7948 .aio-icon-description'  data-responsive-json-new='{\"font-size\":\"\",\"line-height\":\"\"}'  style=\"\">0331 280 32 29<br \/>\nHeinrich-Mann-Allee 13<br \/>\n<a href=\"mailto:info@praxis-am-telegrafenberg.de\">info[at]praxis-am-telegrafenberg.de<\/a><\/div> <!-- description --><\/div> <!-- aio-icon-box --><\/div> <!-- aio-icon-component --><div class=\"vc_btn3-container vc_btn3-inline vc_custom_1707148605326\" ><a class=\"vc_general vc_btn3 vc_btn3-size-md vc_btn3-shape-rounded vc_btn3-style-modern vc_btn3-icon-right vc_btn3-color-peacoc\" href=\"https:\/\/praxis-am-telegrafenberg.de\/en\/kontakt\/\" title=\"\">How to find us <i class=\"vc_btn3-icon fas fa-angle-double-right\"><\/i><\/a><\/div><div class=\"ult-spacer spacer-6a046f6dbf565\" data-id=\"6a046f6dbf565\" data-height=\"\" data-height-mobile=\"50\" data-height-tab=\"\" data-height-tab-portrait=\"\" data-height-mobile-landscape=\"\" style=\"clear:both;display:block;\"><\/div><\/div><\/div><\/div><div class=\"wpb_column vc_column_container vc_col-sm-6\"><div class=\"vc_column-inner\"><div class=\"wpb_wrapper\"><div class=\"aio-icon-component    style_1\"><div id=\"Info-box-wrap-1049\" class=\"aio-icon-box default-icon\" style=\"\"  ><div class=\"aio-icon-description ult-responsive\"  data-ultimate-target='#Info-box-wrap-1049 .aio-icon-description'  data-responsive-json-new='{\"font-size\":\"\",\"line-height\":\"\"}'  style=\"\"><strong>Acute consultation hours<\/strong><br \/>\nDaily from 8:30 a.m. to 10:00 a.m.<\/p>\n<p><strong>Consultation hours<\/strong><br \/>\nDaily from 10:00 a.m. to 12:30 p.m.<br \/>\nTuesdays from 7:45 to 8:30 a.m. and<br \/>\nThursdays from 2:00 p.m. to 6:00 p.m.<\/div> <!-- description --><\/div> <!-- aio-icon-box --><\/div> <!-- aio-icon-component --><\/div><\/div><\/div><\/div><\/div><\/div><\/div><\/div><div class=\"vc_row-full-width vc_clearfix\"><\/div>\n<\/div>","protected":false},"excerpt":{"rendered":"<p>Wir betreuen Sie ganzheitlich, vertrauensvoll und wertsch\u00e4tzend.\u00a0 \u00a0 Unser engagiertes Team bietet Ihnen durch langj\u00e4hrige Berufserfahrung, fundiertes Fachwissen und regelm\u00e4\u00dfige Weiterbildung\u00a0eine hochwertige Behandlung mit modernsten diagnostischen und therapeutischen Methoden. Dabei sind wir der Meinung, dass ein guter zwischenmenschlicher Kontakt, ein empathisches Gespr\u00e4ch, genaues Zuh\u00f6ren und die Interpretationen von Symptomen mit \u00e4rztlicher Erfahrung durch nichts zu&hellip;<\/p>","protected":false},"author":1,"featured_media":0,"parent":0,"menu_order":0,"comment_status":"closed","ping_status":"closed","template":"","meta":{"footnotes":""},"_links":{"self":[{"href":"https:\/\/praxis-am-telegrafenberg.de\/en\/wp-json\/wp\/v2\/pages\/699"}],"collection":[{"href":"https:\/\/praxis-am-telegrafenberg.de\/en\/wp-json\/wp\/v2\/pages"}],"about":[{"href":"https:\/\/praxis-am-telegrafenberg.de\/en\/wp-json\/wp\/v2\/types\/page"}],"author":[{"embeddable":true,"href":"https:\/\/praxis-am-telegrafenberg.de\/en\/wp-json\/wp\/v2\/users\/1"}],"replies":[{"embeddable":true,"href":"https:\/\/praxis-am-telegrafenberg.de\/en\/wp-json\/wp\/v2\/comments?post=699"}],"version-history":[{"count":222,"href":"https:\/\/praxis-am-telegrafenberg.de\/en\/wp-json\/wp\/v2\/pages\/699\/revisions"}],"predecessor-version":[{"id":1853,"href":"https:\/\/praxis-am-telegrafenberg.de\/en\/wp-json\/wp\/v2\/pages\/699\/revisions\/1853"}],"wp:attachment":[{"href":"https:\/\/praxis-am-telegrafenberg.de\/en\/wp-json\/wp\/v2\/media?parent=699"}],"curies":[{"name":"wp","href":"https:\/\/api.w.org\/{rel}","templated":true}]}}